{"id":951,"date":"2023-08-16T11:04:33","date_gmt":"2023-08-16T11:04:33","guid":{"rendered":"https:\/\/www.estalimpo.pt\/?page_id=951"},"modified":"2024-05-04T22:19:07","modified_gmt":"2024-05-04T22:19:07","slug":"oferta-trabalho-emprego-limpezas","status":"publish","type":"page","link":"https:\/\/www.estalimpo.pt\/en\/oferta-trabalho-emprego-limpezas\/","title":{"rendered":"Oferta de trabalho, emprego em limpezas Lisboa"},"content":{"rendered":"\n\t\t<div id=\"fws_69e3578b9f807\"  data-column-margin=\"default\" data-midnight=\"dark\"  class=\"wpb_row vc_row-fluid vc_row\"  style=\"padding-top: 0px; padding-bottom: 0px; \"><div class=\"row-bg-wrap\" data-bg-animation=\"none\" data-bg-animation-delay=\"\" data-bg-overlay=\"false\"><div class=\"inner-wrap row-bg-layer\" ><div class=\"row-bg viewport-desktop\"  style=\"\"><\/div><\/div><\/div><div class=\"row_col_wrap_12 col span_12 dark left\">\n\t<div  class=\"vc_col-sm-6 wpb_column column_container vc_column_container col no-extra-padding inherit_tablet inherit_phone \"  data-padding-pos=\"all\" data-has-bg-color=\"false\" data-bg-color=\"\" data-bg-opacity=\"1\" data-animation=\"\" data-delay=\"0\" >\n\t\t<div class=\"vc_column-inner\" >\n\t\t\t<div class=\"wpb_wrapper\">\n\t\t\t\t\n<div class=\"wpb_text_column wpb_content_element \" >\n\t<div class=\"wpb_wrapper\">\n\t\t<h3>Perfil do candidato que procuramos<\/h3>\n\t<\/div>\n<\/div>\n\n\n\n\n<div class=\"wpb_text_column wpb_content_element \" >\n\t<div class=\"wpb_wrapper\">\n\t\t<p><strong>(PREFER\u00caNCIAL) TER CARTA DE CONDU\u00c7\u00c3O<\/strong><\/p>\n<ul>\n<li>Carta de condu\u00e7\u00e3o e experi\u00eancia de condu\u00e7\u00e3o no m\u00ednimo de 1 ano em Portugal<\/li>\n<li>Saber conduzir com GPS (Google Maps ou Waze)<\/li>\n<li>Procuramos pessoas com disponibilidade hor\u00e1ria<\/li>\n<li>Pontualidade e boa apresenta\u00e7\u00e3o s\u00e3o fundamentais<\/li>\n<li>Disponibilidade para trabalhar 2 s\u00e1bados por m\u00eas, caso seja necess\u00e1rio<\/li>\n<\/ul>\n<p><span style=\"color: #13a89e;\"><strong>Fun\u00e7\u00f5es que vai desempenhar:<\/strong><\/span><\/p>\n<ul>\n<li>Limpezas ao domic\u00edlio e empresas<\/li>\n<\/ul>\n<p><span style=\"color: #13a89e;\"><strong>Oferecemos:<\/strong><\/span><\/p>\n<ul>\n<li>Forma\u00e7\u00e3o<\/li>\n<li>Contrato de trabalho<\/li>\n<li>Bom ambiente de trabalho<\/li>\n<\/ul>\n<p><span style=\"text-decoration: underline; color: #b13671;\"><strong>Aten\u00e7\u00e3o: N\u00e3o podemos aceitar candidatos que morem na Margem Sul<\/strong><\/span><\/p>\n<p>Procuramos pessoa para trabalhar na nossa empresa durante no m\u00ednimo 1 ano.<\/p>\n\t<\/div>\n<\/div>\n\n\n\n\n\t\t\t<\/div> \n\t\t<\/div>\n\t<\/div> \n\n\t<div  class=\"vc_col-sm-6 wpb_column column_container vc_column_container col no-extra-padding inherit_tablet inherit_phone \"  data-padding-pos=\"all\" data-has-bg-color=\"false\" data-bg-color=\"\" data-bg-opacity=\"1\" data-animation=\"\" data-delay=\"0\" >\n\t\t<div class=\"vc_column-inner\" >\n\t\t\t<div class=\"wpb_wrapper\">\n\t\t\t\t\n<div class=\"wpb_text_column wpb_content_element \" >\n\t<div class=\"wpb_wrapper\">\n\t\t<h3>Preenches os requisitos? Envia o teu CV!<\/h3>\n\t<\/div>\n<\/div>\n\n\n\n<div class=\"wpforms-container wpforms-container-full\" id=\"wpforms-952\"><form id=\"wpforms-form-952\" class=\"wpforms-validate wpforms-form wpforms-ajax-form\" data-formid=\"952\" method=\"post\" enctype=\"multipart\/form-data\" action=\"\/en\/wp-json\/wp\/v2\/pages\/951?wpforms_form_id=952\" data-token=\"99cb76ceae6f5386df5ecf5a238f4511\"><noscript class=\"wpforms-error-noscript\">Please enable JavaScript in your browser to complete this form.<\/noscript><div class=\"wpforms-field-container\"><div id=\"wpforms-952-field_0-container\" class=\"wpforms-field wpforms-field-name\" data-field-id=\"0\"><label class=\"wpforms-field-label\" for=\"wpforms-952-field_0\">Nome <span class=\"wpforms-required-label\">*<\/span><\/label><div class=\"wpforms-field-row wpforms-field-medium\"><div class=\"wpforms-field-row-block wpforms-first wpforms-one-half\"><input type=\"text\" id=\"wpforms-952-field_0\" class=\"wpforms-field-name-first wpforms-field-required\" name=\"wpforms[fields][0][first]\" placeholder=\"Nome\" required><label for=\"wpforms-952-field_0\" class=\"wpforms-field-sublabel after wpforms-sublabel-hide\">First<\/label><\/div><div class=\"wpforms-field-row-block wpforms-one-half\"><input type=\"text\" id=\"wpforms-952-field_0-last\" class=\"wpforms-field-name-last wpforms-field-required\" name=\"wpforms[fields][0][last]\" placeholder=\"Apelido\" required><label for=\"wpforms-952-field_0-last\" class=\"wpforms-field-sublabel after wpforms-sublabel-hide\">Last<\/label><\/div><\/div><\/div><div id=\"wpforms-952-field_4-container\" class=\"wpforms-field wpforms-field-phone\" data-field-id=\"4\"><label class=\"wpforms-field-label\" for=\"wpforms-952-field_4\">Telefone <span class=\"wpforms-required-label\">*<\/span><\/label><input type=\"tel\" id=\"wpforms-952-field_4\" class=\"wpforms-field-medium wpforms-field-required wpforms-smart-phone-field\" data-rule-smart-phone-field=\"true\" name=\"wpforms[fields][4]\" required><\/div><div id=\"wpforms-952-field_1-container\" class=\"wpforms-field wpforms-field-email\" data-field-id=\"1\"><label class=\"wpforms-field-label\" for=\"wpforms-952-field_1\">E-mail <span class=\"wpforms-required-label\">*<\/span><\/label><input type=\"email\" id=\"wpforms-952-field_1\" class=\"wpforms-field-medium wpforms-field-required\" name=\"wpforms[fields][1]\" spellcheck=\"false\" required><\/div><div id=\"wpforms-952-field_2-container\" class=\"wpforms-field wpforms-field-textarea\" data-field-id=\"2\"><label class=\"wpforms-field-label\" for=\"wpforms-952-field_2\">Mensagem <span class=\"wpforms-required-label\">*<\/span><\/label><textarea id=\"wpforms-952-field_2\" class=\"wpforms-field-medium wpforms-field-required\" name=\"wpforms[fields][2]\" required><\/textarea><\/div><div id=\"wpforms-952-field_3-container\" class=\"wpforms-field wpforms-field-file-upload\" data-field-id=\"3\"><label class=\"wpforms-field-label\" for=\"wpforms-952-field_3\">Envio de CV <span class=\"wpforms-required-label\">*<\/span><\/label><div\n\t\tclass=\"wpforms-uploader\"\n\t\tdata-field-id=\"3\"\n\t\tdata-form-id=\"952\"\n\t\tdata-input-name=\"wpforms_952_3\"\n\t\tdata-extensions=\"jpg,jpeg,jpe,gif,png,bmp,tiff,tif,webp,avif,ico,heic,heif,heics,heifs,asf,asx,wmv,wmx,wm,avi,divx,mov,qt,mpeg,mpg,mpe,mp4,m4v,ogv,webm,mkv,3gp,3gpp,3g2,3gp2,txt,asc,c,cc,h,srt,csv,tsv,ics,rtx,css,vtt,mp3,m4a,m4b,aac,ra,ram,wav,x-wav,ogg,oga,flac,mid,midi,wma,wax,mka,rtf,pdf,class,tar,zip,gz,gzip,rar,7z,psd,xcf,doc,pot,pps,ppt,wri,xla,xls,xlt,xlw,mpp,docx,docm,dotx,dotm,xlsx,xlsm,xlsb,xltx,xltm,xlam,pptx,pptm,ppsx,ppsm,potx,potm,ppam,sldx,sldm,onetoc,onetoc2,onepkg,oxps,xps,odt,odp,ods,odg,odc,odb,odf,wp,wpd,key,numbers,pages,redux\"\n\t\tdata-max-size=\"2097152\"\n\t\tdata-max-file-number=\"1\"\n\t\tdata-post-max-size=\"2097152\"\n\t\tdata-max-parallel-uploads=\"4\"\n\t\tdata-parallel-uploads=\"true\"\n\t\tdata-file-chunk-size=\"2097152\">\n\t<div class=\"dz-message\">\n\t\t<svg viewBox=\"0 0 1024 1024\" focusable=\"false\" data-icon=\"inbox\" width=\"50px\" height=\"50px\" fill=\"currentColor\" aria-hidden=\"true\">\n\t\t\t<path d=\"M885.2 446.3l-.2-.8-112.2-285.1c-5-16.1-19.9-27.2-36.8-27.2H281.2c-17 0-32.1 11.3-36.9 27.6L139.4 443l-.3.7-.2.8c-1.3 4.9-1.7 9.9-1 14.8-.1 1.6-.2 3.2-.2 4.8V830a60.9 60.9 0 0 0 60.8 60.8h627.2c33.5 0 60.8-27.3 60.9-60.8V464.1c0-1.3 0-2.6-.1-3.7.4-4.9 0-9.6-1.3-14.1zm-295.8-43l-.3 15.7c-.8 44.9-31.8 75.1-77.1 75.1-22.1 0-41.1-7.1-54.8-20.6S436 441.2 435.6 419l-.3-15.7H229.5L309 210h399.2l81.7 193.3H589.4zm-375 76.8h157.3c24.3 57.1 76 90.8 140.4 90.8 33.7 0 65-9.4 90.3-27.2 22.2-15.6 39.5-37.4 50.7-63.6h156.5V814H214.4V480.1z\"><\/path>\n\t\t<\/svg>\n\t\t<span class=\"modern-title\">Click or drag a file to this area to upload.<\/span>\n\n\t\t\t<\/div>\n<\/div>\n<input\n\t\ttype=\"text\"\n\t\tautocomplete=\"off\"\n\t\tclass=\"dropzone-input\"\n\t\tstyle=\"position:absolute!important;clip:rect(0,0,0,0)!important;height:1px!important;width:1px!important;border:0!important;overflow:hidden!important;padding:0!important;margin:0!important;\"\n\t\tid=\"wpforms-952-field_3\"\n\t\tname=\"wpforms_952_3\" required\t\tvalue=\"\">\n<\/div><\/div><!-- .wpforms-field-container --><div class=\"wpforms-submit-container\" ><input type=\"hidden\" name=\"wpforms[id]\" value=\"952\"><input type=\"hidden\" name=\"wpforms[author]\" value=\"1\"><button type=\"submit\" name=\"wpforms[submit]\" id=\"wpforms-submit-952\" class=\"wpforms-submit\" data-alt-text=\"A enviar...\" data-submit-text=\"Enviar\" aria-live=\"assertive\" value=\"wpforms-submit\">Enviar<\/button><img loading=\"lazy\" decoding=\"async\" src=\"https:\/\/www.estalimpo.pt\/wp-content\/plugins\/wpforms\/assets\/images\/submit-spin.svg\" class=\"wpforms-submit-spinner\" style=\"display: none;\" width=\"26\" height=\"26\" alt=\"Loading\"><\/div><\/form><\/div>  <!-- .wpforms-container -->\n\t\t\t<\/div> \n\t\t<\/div>\n\t<\/div> \n<\/div><\/div>\n\t\t<div id=\"fws_69e3578ba0a2b\"  data-column-margin=\"default\" data-midnight=\"dark\"  class=\"wpb_row vc_row-fluid vc_row\"  style=\"padding-top: 0px; padding-bottom: 0px; \"><div class=\"row-bg-wrap\" data-bg-animation=\"none\" data-bg-animation-delay=\"\" data-bg-overlay=\"false\"><div class=\"inner-wrap row-bg-layer\" ><div class=\"row-bg viewport-desktop\"  style=\"\"><\/div><\/div><\/div><div class=\"row_col_wrap_12 col span_12 dark left\">\n\t<div  class=\"vc_col-sm-12 wpb_column column_container vc_column_container col no-extra-padding inherit_tablet inherit_phone \"  data-padding-pos=\"all\" data-has-bg-color=\"false\" data-bg-color=\"\" data-bg-opacity=\"1\" data-animation=\"\" data-delay=\"0\" >\n\t\t<div class=\"vc_column-inner\" >\n\t\t\t<div class=\"wpb_wrapper\">\n\t\t\t\t\n\t\t\t<\/div> \n\t\t<\/div>\n\t<\/div> \n<\/div><\/div>\n","protected":false},"excerpt":{"rendered":"Perfil do candidato que procuramos (PREFER\u00caNCIAL) TER CARTA DE CONDU\u00c7\u00c3O Carta de condu\u00e7\u00e3o e experi\u00eancia de condu\u00e7\u00e3o no m\u00ednimo de 1 ano em Portugal Saber conduzir com GPS (Google Maps...","protected":false},"author":1,"featured_media":0,"parent":0,"menu_order":0,"comment_status":"closed","ping_status":"closed","template":"","meta":{"_monsterinsights_skip_tracking":false,"_monsterinsights_sitenote_active":false,"_monsterinsights_sitenote_note":"","_monsterinsights_sitenote_category":0,"footnotes":""},"class_list":["post-951","page","type-page","status-publish"],"yoast_head":"<!-- This site is optimized with the Yoast SEO Premium plugin v19.5 (Yoast SEO v27.4) - https:\/\/yoast.com\/product\/yoast-seo-premium-wordpress\/ -->\n<title>Oferta de trabalho, emprego em limpezas Lisboa | Est\u00e1 Limpo<\/title>\n<meta name=\"robots\" content=\"index, follow, max-snippet:-1, max-image-preview:large, max-video-preview:-1\" \/>\n<link rel=\"canonical\" href=\"https:\/\/www.estalimpo.pt\/en\/oferta-trabalho-emprego-limpezas\/\" \/>\n<meta property=\"og:locale\" content=\"en_US\" \/>\n<meta property=\"og:type\" content=\"article\" \/>\n<meta property=\"og:title\" content=\"Oferta de trabalho, emprego em limpezas Lisboa\" \/>\n<meta property=\"og:url\" content=\"https:\/\/www.estalimpo.pt\/en\/oferta-trabalho-emprego-limpezas\/\" \/>\n<meta property=\"og:site_name\" content=\"Est\u00e1 Limpo\" \/>\n<meta property=\"article:modified_time\" content=\"2024-05-04T22:19:07+00:00\" \/>\n<meta property=\"og:image\" content=\"https:\/\/www.estalimpo.pt\/wp-content\/uploads\/2022\/12\/estalimpo-fundo-branco.png\" \/>\n\t<meta property=\"og:image:width\" content=\"3000\" \/>\n\t<meta property=\"og:image:height\" content=\"1500\" \/>\n\t<meta property=\"og:image:type\" content=\"image\/png\" \/>\n<meta name=\"twitter:card\" content=\"summary_large_image\" \/>\n<meta name=\"twitter:label1\" content=\"Est. reading time\" \/>\n\t<meta name=\"twitter:data1\" content=\"2 minutes\" \/>\n<script type=\"application\/ld+json\" class=\"yoast-schema-graph\">{\"@context\":\"https:\\\/\\\/schema.org\",\"@graph\":[{\"@type\":\"WebPage\",\"@id\":\"https:\\\/\\\/www.estalimpo.pt\\\/oferta-trabalho-emprego-limpezas\\\/\",\"url\":\"https:\\\/\\\/www.estalimpo.pt\\\/oferta-trabalho-emprego-limpezas\\\/\",\"name\":\"Oferta de trabalho, emprego em limpezas Lisboa | Est\u00e1 Limpo\",\"isPartOf\":{\"@id\":\"https:\\\/\\\/www.estalimpo.pt\\\/#website\"},\"datePublished\":\"2023-08-16T11:04:33+00:00\",\"dateModified\":\"2024-05-04T22:19:07+00:00\",\"breadcrumb\":{\"@id\":\"https:\\\/\\\/www.estalimpo.pt\\\/oferta-trabalho-emprego-limpezas\\\/#breadcrumb\"},\"inLanguage\":\"en-US\",\"potentialAction\":[{\"@type\":\"ReadAction\",\"target\":[\"https:\\\/\\\/www.estalimpo.pt\\\/oferta-trabalho-emprego-limpezas\\\/\"]}]},{\"@type\":\"BreadcrumbList\",\"@id\":\"https:\\\/\\\/www.estalimpo.pt\\\/oferta-trabalho-emprego-limpezas\\\/#breadcrumb\",\"itemListElement\":[{\"@type\":\"ListItem\",\"position\":1,\"name\":\"In\u00edcio\",\"item\":\"https:\\\/\\\/www.estalimpo.pt\\\/\"},{\"@type\":\"ListItem\",\"position\":2,\"name\":\"Oferta de trabalho, emprego em limpezas Lisboa\"}]},{\"@type\":\"WebSite\",\"@id\":\"https:\\\/\\\/www.estalimpo.pt\\\/#website\",\"url\":\"https:\\\/\\\/www.estalimpo.pt\\\/\",\"name\":\"Est\u00e1 Limpo\",\"description\":\"Limpezas Dom\u00e9sticas em Lisboa\",\"publisher\":{\"@id\":\"https:\\\/\\\/www.estalimpo.pt\\\/#organization\"},\"potentialAction\":[{\"@type\":\"SearchAction\",\"target\":{\"@type\":\"EntryPoint\",\"urlTemplate\":\"https:\\\/\\\/www.estalimpo.pt\\\/?s={search_term_string}\"},\"query-input\":{\"@type\":\"PropertyValueSpecification\",\"valueRequired\":true,\"valueName\":\"search_term_string\"}}],\"inLanguage\":\"en-US\"},{\"@type\":[\"Organization\",\"Place\"],\"@id\":\"https:\\\/\\\/www.estalimpo.pt\\\/#organization\",\"name\":\"Est\u00e1 Limpo\",\"url\":\"https:\\\/\\\/www.estalimpo.pt\\\/\",\"logo\":{\"@id\":\"https:\\\/\\\/www.estalimpo.pt\\\/oferta-trabalho-emprego-limpezas\\\/#local-main-organization-logo\"},\"image\":{\"@id\":\"https:\\\/\\\/www.estalimpo.pt\\\/oferta-trabalho-emprego-limpezas\\\/#local-main-organization-logo\"},\"telephone\":[\"938830238\"],\"openingHoursSpecification\":[{\"@type\":\"OpeningHoursSpecification\",\"dayOfWeek\":[\"Monday\",\"Tuesday\",\"Wednesday\",\"Thursday\",\"Friday\",\"Saturday\",\"Sunday\"],\"opens\":\"07:00\",\"closes\":\"20:00\"}],\"email\":\"geral@estalimpo.pt\",\"areaServed\":\"Lisboa, Cascais, Oeiras, Amadora, Sintra, Loures, Odivelas, Alcochete, Almada, Barreiro, Mafra, Moita, Montijo, Palmela, Seixal, Sesimbra, Set\u00fabal e Vila Franca de Xira.\"},{\"@type\":\"ImageObject\",\"inLanguage\":\"en-US\",\"@id\":\"https:\\\/\\\/www.estalimpo.pt\\\/oferta-trabalho-emprego-limpezas\\\/#local-main-organization-logo\",\"url\":\"https:\\\/\\\/www.estalimpo.pt\\\/wp-content\\\/uploads\\\/2022\\\/12\\\/estalimpo-fundo-branco.png\",\"contentUrl\":\"https:\\\/\\\/www.estalimpo.pt\\\/wp-content\\\/uploads\\\/2022\\\/12\\\/estalimpo-fundo-branco.png\",\"width\":3000,\"height\":1500,\"caption\":\"Est\u00e1 Limpo\"}]}<\/script>\n<meta name=\"geo.placename\" content=\"Lisboa\" \/>\n<meta name=\"geo.region\" content=\"Portugal\" \/>\n<!-- \/ Yoast SEO Premium plugin. -->","yoast_head_json":{"title":"Oferta de trabalho, emprego em limpezas Lisboa | Est\u00e1 Limpo","robots":{"index":"index","follow":"follow","max-snippet":"max-snippet:-1","max-image-preview":"max-image-preview:large","max-video-preview":"max-video-preview:-1"},"canonical":"https:\/\/www.estalimpo.pt\/en\/oferta-trabalho-emprego-limpezas\/","og_locale":"en_US","og_type":"article","og_title":"Oferta de trabalho, emprego em limpezas Lisboa","og_url":"https:\/\/www.estalimpo.pt\/en\/oferta-trabalho-emprego-limpezas\/","og_site_name":"Est\u00e1 Limpo","article_modified_time":"2024-05-04T22:19:07+00:00","og_image":[{"width":3000,"height":1500,"url":"https:\/\/www.estalimpo.pt\/wp-content\/uploads\/2022\/12\/estalimpo-fundo-branco.png","type":"image\/png"}],"twitter_card":"summary_large_image","twitter_misc":{"Est. reading time":"2 minutes"},"schema":{"@context":"https:\/\/schema.org","@graph":[{"@type":"WebPage","@id":"https:\/\/www.estalimpo.pt\/oferta-trabalho-emprego-limpezas\/","url":"https:\/\/www.estalimpo.pt\/oferta-trabalho-emprego-limpezas\/","name":"Oferta de trabalho, emprego em limpezas Lisboa | Est\u00e1 Limpo","isPartOf":{"@id":"https:\/\/www.estalimpo.pt\/#website"},"datePublished":"2023-08-16T11:04:33+00:00","dateModified":"2024-05-04T22:19:07+00:00","breadcrumb":{"@id":"https:\/\/www.estalimpo.pt\/oferta-trabalho-emprego-limpezas\/#breadcrumb"},"inLanguage":"en-US","potentialAction":[{"@type":"ReadAction","target":["https:\/\/www.estalimpo.pt\/oferta-trabalho-emprego-limpezas\/"]}]},{"@type":"BreadcrumbList","@id":"https:\/\/www.estalimpo.pt\/oferta-trabalho-emprego-limpezas\/#breadcrumb","itemListElement":[{"@type":"ListItem","position":1,"name":"In\u00edcio","item":"https:\/\/www.estalimpo.pt\/"},{"@type":"ListItem","position":2,"name":"Oferta de trabalho, emprego em limpezas Lisboa"}]},{"@type":"WebSite","@id":"https:\/\/www.estalimpo.pt\/#website","url":"https:\/\/www.estalimpo.pt\/","name":"Est\u00e1 Limpo","description":"Limpezas Dom\u00e9sticas em Lisboa","publisher":{"@id":"https:\/\/www.estalimpo.pt\/#organization"},"potentialAction":[{"@type":"SearchAction","target":{"@type":"EntryPoint","urlTemplate":"https:\/\/www.estalimpo.pt\/?s={search_term_string}"},"query-input":{"@type":"PropertyValueSpecification","valueRequired":true,"valueName":"search_term_string"}}],"inLanguage":"en-US"},{"@type":["Organization","Place"],"@id":"https:\/\/www.estalimpo.pt\/#organization","name":"Est\u00e1 Limpo","url":"https:\/\/www.estalimpo.pt\/","logo":{"@id":"https:\/\/www.estalimpo.pt\/oferta-trabalho-emprego-limpezas\/#local-main-organization-logo"},"image":{"@id":"https:\/\/www.estalimpo.pt\/oferta-trabalho-emprego-limpezas\/#local-main-organization-logo"},"telephone":["938830238"],"openingHoursSpecification":[{"@type":"OpeningHoursSpecification","dayOfWeek":["Monday","Tuesday","Wednesday","Thursday","Friday","Saturday","Sunday"],"opens":"07:00","closes":"20:00"}],"email":"geral@estalimpo.pt","areaServed":"Lisboa, Cascais, Oeiras, Amadora, Sintra, Loures, Odivelas, Alcochete, Almada, Barreiro, Mafra, Moita, Montijo, Palmela, Seixal, Sesimbra, Set\u00fabal e Vila Franca de Xira."},{"@type":"ImageObject","inLanguage":"en-US","@id":"https:\/\/www.estalimpo.pt\/oferta-trabalho-emprego-limpezas\/#local-main-organization-logo","url":"https:\/\/www.estalimpo.pt\/wp-content\/uploads\/2022\/12\/estalimpo-fundo-branco.png","contentUrl":"https:\/\/www.estalimpo.pt\/wp-content\/uploads\/2022\/12\/estalimpo-fundo-branco.png","width":3000,"height":1500,"caption":"Est\u00e1 Limpo"}]},"geo.placename":"Lisboa","geo.region":"Portugal"},"_links":{"self":[{"href":"https:\/\/www.estalimpo.pt\/en\/wp-json\/wp\/v2\/pages\/951","targetHints":{"allow":["GET"]}}],"collection":[{"href":"https:\/\/www.estalimpo.pt\/en\/wp-json\/wp\/v2\/pages"}],"about":[{"href":"https:\/\/www.estalimpo.pt\/en\/wp-json\/wp\/v2\/types\/page"}],"author":[{"embeddable":true,"href":"https:\/\/www.estalimpo.pt\/en\/wp-json\/wp\/v2\/users\/1"}],"replies":[{"embeddable":true,"href":"https:\/\/www.estalimpo.pt\/en\/wp-json\/wp\/v2\/comments?post=951"}],"version-history":[{"count":13,"href":"https:\/\/www.estalimpo.pt\/en\/wp-json\/wp\/v2\/pages\/951\/revisions"}],"predecessor-version":[{"id":1339,"href":"https:\/\/www.estalimpo.pt\/en\/wp-json\/wp\/v2\/pages\/951\/revisions\/1339"}],"wp:attachment":[{"href":"https:\/\/www.estalimpo.pt\/en\/wp-json\/wp\/v2\/media?parent=951"}],"curies":[{"name":"wp","href":"https:\/\/api.w.org\/{rel}","templated":true}]}}